{"id":1635,"date":"2025-11-28T11:36:05","date_gmt":"2025-11-28T10:36:05","guid":{"rendered":"https:\/\/2025.jugendbericht.lu\/methoden\/"},"modified":"2026-03-08T12:50:47","modified_gmt":"2026-03-08T11:50:47","slug":"supplement-methodologique-detaille","status":"publish","type":"page","link":"https:\/\/2025.jugendbericht.lu\/fr\/supplement-methodologique-detaille\/","title":{"rendered":"Suppl\u00e9ment m\u00e9thodologique d\u00e9taill\u00e9"},"content":{"rendered":"<p>Pour en savoir plus sur les donn\u00e9es utilis\u00e9es dans le Rapport sur la Jeunesse 2025 et les m\u00e9thodes de recherche utilis\u00e9es, consultez le <a href=\"https:\/\/2025.jugendbericht.lu\/fr\/bericht\/2-cadre-conceptuel-du-rapport-sur-la-jeunesse-2025-contenus-methodes-et-bases-theoriques\/\"><b>Chapitre 2<\/b><\/a> du rapport.<\/p>\n<p>\u00c0 titre d&rsquo;information compl\u00e9mentaire, vous trouverez \u00e9galement ici un document au titre provisoire <strong>Suppl\u00e9ment m\u00e9thodologique d\u00e9taill\u00e9 du Rapport sur la Jeunesse 2025<\/strong>. Il fournit une pr\u00e9sentation plus d\u00e9taill\u00e9e dans laquelle les diff\u00e9rentes enqu\u00eates, m\u00e9thodes d&rsquo;analyse et bases de donn\u00e9es peuvent \u00eatre consult\u00e9es de mani\u00e8re approfondie et diff\u00e9renci\u00e9e.<\/p>\n<p>La version fran\u00e7aise du document se trouve actuellement en r\u00e9daction finale et sera publi\u00e9e sur la pr\u00e9sente page dans les meilleurs d\u00e9lais. Entre temps, nous vous prions de bien vouloir consulter la <a href=\"https:\/\/2025.jugendbericht.lu\/fr\/supplement-methodologique-detaille\/\" target=\"_blank\" rel=\"noopener\"><strong>version allemande<\/strong><\/a>.<\/p>\n","protected":false},"excerpt":{"rendered":"<p>Pour en savoir plus sur les donn\u00e9es utilis\u00e9es dans le Rapport sur la Jeunesse 2025 et les m\u00e9thodes de recherche utilis\u00e9es, consultez le Chapitre 2 du rapport. \u00c0 titre d&rsquo;information compl\u00e9mentaire, vous trouverez \u00e9galement ici un document au titre provisoire Suppl\u00e9ment m\u00e9thodologique d\u00e9taill\u00e9 du Rapport sur la Jeunesse 2025. Il fournit une pr\u00e9sentation plus d\u00e9taill\u00e9e [&hellip;]<\/p>\n","protected":false},"author":1,"featured_media":0,"parent":0,"menu_order":0,"comment_status":"closed","ping_status":"closed","template":"","meta":{"_acf_changed":false,"_seopress_robots_primary_cat":"","_seopress_titles_title":"","_seopress_titles_desc":"","_seopress_robots_index":"","footnotes":""},"class_list":["post-1635","page","type-page","status-publish","hentry"],"acf":[],"_links":{"self":[{"href":"https:\/\/2025.jugendbericht.lu\/fr\/wp-json\/wp\/v2\/pages\/1635","targetHints":{"allow":["GET"]}}],"collection":[{"href":"https:\/\/2025.jugendbericht.lu\/fr\/wp-json\/wp\/v2\/pages"}],"about":[{"href":"https:\/\/2025.jugendbericht.lu\/fr\/wp-json\/wp\/v2\/types\/page"}],"author":[{"embeddable":true,"href":"https:\/\/2025.jugendbericht.lu\/fr\/wp-json\/wp\/v2\/users\/1"}],"replies":[{"embeddable":true,"href":"https:\/\/2025.jugendbericht.lu\/fr\/wp-json\/wp\/v2\/comments?post=1635"}],"version-history":[{"count":5,"href":"https:\/\/2025.jugendbericht.lu\/fr\/wp-json\/wp\/v2\/pages\/1635\/revisions"}],"predecessor-version":[{"id":1641,"href":"https:\/\/2025.jugendbericht.lu\/fr\/wp-json\/wp\/v2\/pages\/1635\/revisions\/1641"}],"wp:attachment":[{"href":"https:\/\/2025.jugendbericht.lu\/fr\/wp-json\/wp\/v2\/media?parent=1635"}],"curies":[{"name":"wp","href":"https:\/\/api.w.org\/{rel}","templated":true}]}}