{"id":1651,"date":"2025-11-27T19:04:25","date_gmt":"2025-11-27T18:04:25","guid":{"rendered":"https:\/\/2025.jugendbericht.lu\/tabellenband\/"},"modified":"2026-03-08T22:33:33","modified_gmt":"2026-03-08T21:33:33","slug":"tableaux-detailles","status":"publish","type":"page","link":"https:\/\/2025.jugendbericht.lu\/fr\/tableaux-detailles\/","title":{"rendered":"Tableaux d\u00e9taill\u00e9s"},"content":{"rendered":"<p>Le <a href=\"https:\/\/2025.jugendbericht.lu\/fr\/bericht\/4-le-regard-des-jeunes-sur-la-societe-et-sur-eux-memes-politique-participation-environnement-social-temps-libre-et-bien-etre\/\"><b>Chapitre 4<\/b><\/a> et <a href=\"https:\/\/2025.jugendbericht.lu\/fr\/bericht\/5-le-regard-des-jeunes-sur-la-digitalite-acces-usages-et-participation\/\"><b>Chapitre 5<\/b><\/a> du Rapport sur la Jeunesse 2025 renvoient \u00e0 des tableaux d\u00e9taill\u00e9s qui pr\u00e9sentent la base de donn\u00e9es et les analyses quantitatives. Ces analyses quantitatives de donn\u00e9es s\u00e9lectionn\u00e9es issues du <i>Youth Survey Luxembourg <\/i>ont \u00e9t\u00e9 r\u00e9alis\u00e9es par l&rsquo;\u00e9quipe de recherche du <i>Centre for Childhood and Youth Research <\/i>(CCY) et publi\u00e9es dans un document s\u00e9par\u00e9.<\/p>\n<p>Ce <b>recueil de tableaux<\/b> (titre provisoire) sera bient\u00f4t disponible ici. La version fran\u00e7aise du document se trouve actuellement en r\u00e9daction finale et sera publi\u00e9e sur la pr\u00e9sente page dans les meilleurs d\u00e9lais. Entre temps, nous vous prions de bien vouloir consulter la <a href=\"https:\/\/orbilu.uni.lu\/bitstream\/10993\/67960\/1\/JB25-Tabellen.pdf\" target=\"_blank\" rel=\"noopener\"><strong>version allemande<\/strong><\/a>.<\/p>\n","protected":false},"excerpt":{"rendered":"<p>Le Chapitre 4 et Chapitre 5 du Rapport sur la Jeunesse 2025 renvoient \u00e0 des tableaux d\u00e9taill\u00e9s qui pr\u00e9sentent la base de donn\u00e9es et les analyses quantitatives. Ces analyses quantitatives de donn\u00e9es s\u00e9lectionn\u00e9es issues du Youth Survey Luxembourg ont \u00e9t\u00e9 r\u00e9alis\u00e9es par l&rsquo;\u00e9quipe de recherche du Centre for Childhood and Youth Research (CCY) et publi\u00e9es [&hellip;]<\/p>\n","protected":false},"author":1,"featured_media":0,"parent":0,"menu_order":0,"comment_status":"closed","ping_status":"closed","template":"","meta":{"_acf_changed":false,"_seopress_robots_primary_cat":"","_seopress_titles_title":"","_seopress_titles_desc":"","_seopress_robots_index":"","footnotes":""},"class_list":["post-1651","page","type-page","status-publish","hentry"],"acf":[],"_links":{"self":[{"href":"https:\/\/2025.jugendbericht.lu\/fr\/wp-json\/wp\/v2\/pages\/1651","targetHints":{"allow":["GET"]}}],"collection":[{"href":"https:\/\/2025.jugendbericht.lu\/fr\/wp-json\/wp\/v2\/pages"}],"about":[{"href":"https:\/\/2025.jugendbericht.lu\/fr\/wp-json\/wp\/v2\/types\/page"}],"author":[{"embeddable":true,"href":"https:\/\/2025.jugendbericht.lu\/fr\/wp-json\/wp\/v2\/users\/1"}],"replies":[{"embeddable":true,"href":"https:\/\/2025.jugendbericht.lu\/fr\/wp-json\/wp\/v2\/comments?post=1651"}],"version-history":[{"count":4,"href":"https:\/\/2025.jugendbericht.lu\/fr\/wp-json\/wp\/v2\/pages\/1651\/revisions"}],"predecessor-version":[{"id":1694,"href":"https:\/\/2025.jugendbericht.lu\/fr\/wp-json\/wp\/v2\/pages\/1651\/revisions\/1694"}],"wp:attachment":[{"href":"https:\/\/2025.jugendbericht.lu\/fr\/wp-json\/wp\/v2\/media?parent=1651"}],"curies":[{"name":"wp","href":"https:\/\/api.w.org\/{rel}","templated":true}]}}